{"id":2,"date":"2022-01-19T21:20:51","date_gmt":"2022-01-19T18:20:51","guid":{"rendered":"http:\/\/devinno.com.tr\/?page_id=2"},"modified":"2022-01-19T21:20:51","modified_gmt":"2022-01-19T18:20:51","slug":"anasayfa","status":"publish","type":"page","link":"https:\/\/devinno.com.tr\/en\/anasayfa\/","title":{"rendered":"Anasayfa"},"content":{"rendered":"\n<style type=\"text\/css\" data-created_by=\"avia_inline_auto\" id=\"style-css-av-kylx6o2k-9f052001615887f6a1e5a8518f4c2b2d\">\n.avia-section.av-kylx6o2k-9f052001615887f6a1e5a8518f4c2b2d{\nbackground-color:#000000;\nbackground:linear-gradient( to bottom, #000000, #303030, #1c1c1c );\n}\n.avia-section.av-kylx6o2k-9f052001615887f6a1e5a8518f4c2b2d .av-section-color-overlay{\nopacity:0.5;\nbackground-image:url(https:\/\/devinno.com.tr\/en\/wp-content\/themes\/enfold\/images\/background-images\/diagonal-thin-light.png);\nbackground-repeat:repeat;\n}\n<\/style>\n<div id='av_section_1'  class='avia-section av-kylx6o2k-9f052001615887f6a1e5a8518f4c2b2d main_color avia-section-default avia-no-border-styling  avia-builder-el-0  el_before_av_layout_row  avia-builder-el-first  avia-bg-style-scroll av-section-color-overlay-active container_wrap fullsize'  ><div class=\"av-section-color-overlay-wrap\"><div class=\"av-section-color-overlay\"><\/div><div class='container av-section-cont-open' ><main  role=\"main\" itemprop=\"mainContentOfPage\"  class='template-page content  av-content-full alpha units'><div class='post-entry post-entry-type-page post-entry-2'><div class='entry-content-wrapper clearfix'>\n<div  class='flex_column av-4pki-c5dac5c72e1f1d33f553d72d2c886632 av_one_fourth  avia-builder-el-1  el_before_av_one_half  avia-builder-el-first  first flex_column_div  '     ><\/div><div  class='flex_column av-3jza-6103405bb7637d3fa11b1d819567f2dc av_one_half  avia-builder-el-2  el_after_av_one_fourth  el_before_av_one_half  flex_column_div  '     ><style type=\"text\/css\" data-created_by=\"avia_inline_auto\" id=\"style-css-av-kylx732e-3d8615b185985ed0e2b6708fd4c6d19d\">\n.avia-image-container.av-kylx732e-3d8615b185985ed0e2b6708fd4c6d19d img.avia_image{\nbox-shadow:none;\n}\n.avia-image-container.av-kylx732e-3d8615b185985ed0e2b6708fd4c6d19d .av-image-caption-overlay-center{\ncolor:#ffffff;\n}\n<\/style>\n<div  class='avia-image-container av-kylx732e-3d8615b185985ed0e2b6708fd4c6d19d av-styling- avia_animated_image av-animated-when-visible-95 fade-in avia-align-center  avia-builder-el-3  avia-builder-el-no-sibling '   itemprop=\"image\" itemscope=\"itemscope\" itemtype=\"https:\/\/schema.org\/ImageObject\" ><div class=\"avia-image-container-inner\"><div class=\"avia-image-overlay-wrap\"><img decoding=\"async\" fetchpriority=\"high\" class='wp-image-58 avia-img-lazy-loading-not-58 avia_image ' src=\"https:\/\/devinno.com.tr\/en\/wp-content\/uploads\/2023\/03\/Devinno-logo-w-300x300.png\" alt='' title='Devinno-logo-w'  height=\"300\" width=\"300\"  itemprop=\"thumbnailUrl\" srcset=\"https:\/\/devinno.com.tr\/en\/wp-content\/uploads\/2023\/03\/Devinno-logo-w-300x300.png 300w, https:\/\/devinno.com.tr\/en\/wp-content\/uploads\/2023\/03\/Devinno-logo-w-80x80.png 80w, https:\/\/devinno.com.tr\/en\/wp-content\/uploads\/2023\/03\/Devinno-logo-w-36x36.png 36w, https:\/\/devinno.com.tr\/en\/wp-content\/uploads\/2023\/03\/Devinno-logo-w-180x180.png 180w, https:\/\/devinno.com.tr\/en\/wp-content\/uploads\/2023\/03\/Devinno-logo-w.png 600w\" sizes=\"(max-width: 300px) 100vw, 300px\" \/><\/div><\/div><\/div><\/div>\n<style type=\"text\/css\" data-created_by=\"avia_inline_auto\" id=\"style-css-av-806s-9c4a252d24a004ba83131ad9206ca6e8\">\n.flex_column.av-806s-9c4a252d24a004ba83131ad9206ca6e8{\nborder-width:2px;\nborder-color:#d3d3d3;\nborder-style:solid;\nborder-radius:15px 15px 15px 15px;\npadding:20px 20px 20px 20px;\n}\n<\/style>\n<div  class='flex_column av-806s-9c4a252d24a004ba83131ad9206ca6e8 av_one_half  avia-builder-el-4  el_after_av_one_half  el_before_av_one_half  first flex_column_div  column-top-margin'     ><style type=\"text\/css\" data-created_by=\"avia_inline_auto\" id=\"style-css-av-kylx8zr1-d7a6cb8a24005cb83ff7796c7f37655e\">\n#top .av_textblock_section.av-kylx8zr1-d7a6cb8a24005cb83ff7796c7f37655e .avia_textblock{\nfont-size:17px;\ncolor:#dddddd;\n}\n<\/style>\n<section  class='av_textblock_section av-kylx8zr1-d7a6cb8a24005cb83ff7796c7f37655e '   itemscope=\"itemscope\" itemtype=\"https:\/\/schema.org\/CreativeWork\" ><div class='avia_textblock av_inherit_color'  itemprop=\"text\" ><h3 style=\"text-align: center\">DEV\u0130NNO TEKNOLOJ\u0130 YATIRIMLARI A.\u015e.<\/h3>\n<p style=\"text-align: center\">Atat\u00fcrk Mah. Ertu\u011frul Gazi Sokak,<br \/>\nMetropol \u0130stanbul Sitesi<br \/>\nC1 Blok No: 2B\/111 34758<br \/>\nAta\u015fehir\/\u0130STANBUL<\/p>\n<p style=\"text-align: center\"><strong>Kozyata\u011f\u0131 V.D. &#8211; 2940698425<\/strong><\/p>\n<\/div><\/section><br \/>\n<div  class='av-social-sharing-box av-lepunmah-ca02e12003c651fde5fac7b5925db872 av-social-sharing-box-default  avia-builder-el-6  el_after_av_textblock  el_before_av_hr  av-social-sharing-box-fullwidth'><div class=\"av-share-box\"><ul class=\"av-share-box-list noLightbox\"><li class='av-share-link av-social-link-facebook avia_social_iconfont' ><a target=\"_blank\" aria-label=\"Share on Facebook\" href='https:\/\/www.facebook.com\/sharer.php?u=https:\/\/devinno.com.tr\/en\/anasayfa\/&#038;t=Anasayfa' data-av_icon='\ue8f3' data-av_iconfont='entypo-fontello'  title='' data-avia-related-tooltip='Share on Facebook'><span class='avia_hidden_link_text'>Share on Facebook<\/span><\/a><\/li><li class='av-share-link av-social-link-twitter avia_social_iconfont' ><a target=\"_blank\" aria-label=\"Share on X\" href='https:\/\/twitter.com\/share?text=Anasayfa&#038;url=https:\/\/devinno.com.tr\/en\/?p=2' data-av_icon='\ue932' data-av_iconfont='entypo-fontello'  title='' data-avia-related-tooltip='Share on X'><span class='avia_hidden_link_text'>Share on X<\/span><\/a><\/li><li class='av-share-link av-social-link-whatsapp avia_social_iconfont' ><a target=\"_blank\" aria-label=\"Share on WhatsApp\" href='https:\/\/api.whatsapp.com\/send?text=https:\/\/devinno.com.tr\/en\/anasayfa\/' data-av_icon='\uf232' data-av_iconfont='entypo-fontello'  title='' data-avia-related-tooltip='Share on WhatsApp'><span class='avia_hidden_link_text'>Share on WhatsApp<\/span><\/a><\/li><li class='av-share-link av-social-link-linkedin avia_social_iconfont' ><a target=\"_blank\" aria-label=\"Share on LinkedIn\" href='https:\/\/linkedin.com\/shareArticle?mini=true&#038;title=Anasayfa&#038;url=https:\/\/devinno.com.tr\/en\/anasayfa\/' data-av_icon='\ue8fc' data-av_iconfont='entypo-fontello'  title='' data-avia-related-tooltip='Share on LinkedIn'><span class='avia_hidden_link_text'>Share on LinkedIn<\/span><\/a><\/li><li class='av-share-link av-social-link-mail avia_social_iconfont' ><a  aria-label=\"Mail \u00fczerinden payla\u015f\" href='mailto:?subject=Anasayfa&#038;body=https:\/\/devinno.com.tr\/en\/anasayfa\/' data-av_icon='\ue805' data-av_iconfont='entypo-fontello'  title='' data-avia-related-tooltip='Mail \u00fczerinden payla\u015f'><span class='avia_hidden_link_text'>Mail \u00fczerinden payla\u015f<\/span><\/a><\/li><\/ul><\/div><\/div><br \/>\n\n<style type=\"text\/css\" data-created_by=\"avia_inline_auto\" id=\"style-css-av-kylxq1gp-48d80ffb3f14196d4ef9abc1ed180343\">\n#top .hr.hr-invisible.av-kylxq1gp-48d80ffb3f14196d4ef9abc1ed180343{\nheight:30px;\n}\n<\/style>\n<div  class='hr av-kylxq1gp-48d80ffb3f14196d4ef9abc1ed180343 hr-invisible  avia-builder-el-7  el_after_av_social_share  el_before_av_font_icon '><span class='hr-inner '><span class=\"hr-inner-style\"><\/span><\/span><\/div><br \/>\n\n<style type=\"text\/css\" data-created_by=\"avia_inline_auto\" id=\"style-css-av-kylxmkpj-45d19fee91c3a850916bb8cf8eaefeb9\">\n@keyframes av_sonarEffect_av-kylxmkpj-45d19fee91c3a850916bb8cf8eaefeb9 {\n  0% {opacity: 0.3;}\n 40% {opacity: 0.5; box-shadow: 0 0 0 2px rgba(255,255,255,0.1), 0 0 10px 10px #ffffff, 0 0 0 10px rgba(255,255,255,0.5);}\n100% {opacity: 0; box-shadow: 0 0 0 2px rgba(255,255,255,0.1), 0 0 10px 10px #ffffff, 0 0 0 10px rgba(255,255,255,0.5); transform: scale(1.05);}\n}\n.av_font_icon.av-kylxmkpj-45d19fee91c3a850916bb8cf8eaefeb9{\ncolor:#dddddd;\nborder-color:#dddddd;\n}\n.avia-svg-icon.av-kylxmkpj-45d19fee91c3a850916bb8cf8eaefeb9 svg:first-child{\nstroke:#dddddd;\nfill:#dddddd;\n}\n.av_font_icon.av-kylxmkpj-45d19fee91c3a850916bb8cf8eaefeb9 .av-icon-char{\nfont-size:24px;\nline-height:24px;\nwidth:24px;\n}\n.av_font_icon.av-kylxmkpj-45d19fee91c3a850916bb8cf8eaefeb9.av-icon-style-border .av-icon-char:after{\nanimation:av_sonarEffect_av-kylxmkpj-45d19fee91c3a850916bb8cf8eaefeb9 1s ease-in-out .1s infinite;\n}\n<\/style>\n<span  class='av_font_icon av-kylxmkpj-45d19fee91c3a850916bb8cf8eaefeb9 avia_animate_when_visible av-icon-style-border avia-icon-pos-center avia-iconfont avia-font-entypo-fontello avia-icon-animate avia-sonar-shadow'><a href='https:\/\/www.google.com\/maps\/dir\/My+Location\/40.99482345286708,29.11994196898927'  target=\"_blank\"  rel=\"noopener noreferrer\"  class='av-icon-char' data-av_icon='\ue841' data-av_iconfont='entypo-fontello' aria-hidden=\"false\" data-avia-icon-tooltip=\"&lt;br \/&gt;\nYol Tarifi&lt;br \/&gt;\n\"><\/a><span class='av_icon_caption av-special-font'>YOL TAR\u0130F\u0130<\/span><\/span><\/p><\/div><div  class='flex_column av-4jk4-6d9b4651e3c76b6c8fb1e0fad31e0115 av_one_half  avia-builder-el-9  el_after_av_one_half  el_before_av_hr  flex_column_div  column-top-margin'     ><form action=\"https:\/\/devinno.com.tr\/en\/anasayfa\/\" method=\"post\" data-fields-with-error=\"Found errors in the following field(s):\" class=\"avia_ajax_form av-form-labels-hidden   avia-builder-el-10  avia-builder-el-no-sibling  av-custom-form-color av-light-form \" data-avia-form-id=\"1\" data-avia-redirect='' ><h3 class=''>Bize posta g\u00f6nderiniz<\/h3><fieldset><p class='  first_form  form_element form_element_half' id='element_avia_1_1'><label for=\"avia_1_1\">\u0130sim <abbr class=\"required\" title=\"Zorunlu\">*<\/abbr><\/label> <input name=\"avia_1_1\" class=\"text_input is_empty\" type=\"text\" id=\"avia_1_1\" value=\"\"  placeholder='\u0130sim*'\/><\/p><p class='  form_element form_element_half' id='element_avia_2_1'><label for=\"avia_2_1\">E-Posta <abbr class=\"required\" title=\"Zorunlu\">*<\/abbr><\/label> <input name=\"avia_2_1\" class=\"text_input is_email\" type=\"text\" id=\"avia_2_1\" value=\"\"  placeholder='E-Posta*'\/><\/p><p class='  first_form  form_element form_fullwidth' id='element_avia_3_1'><label for=\"avia_3_1\">Konu <abbr class=\"required\" title=\"Zorunlu\">*<\/abbr><\/label> <input name=\"avia_3_1\" class=\"text_input is_empty\" type=\"text\" id=\"avia_3_1\" value=\"\"  placeholder='Konu*'\/><\/p><p class='  first_form  form_element form_fullwidth' id='element_avia_4_1'><label for=\"avia_4_1\" class=\"textare_label hidden textare_label_avia_4_1\">Mesaj <abbr class=\"required\" title=\"Zorunlu\">*<\/abbr><\/label><textarea  placeholder='Mesaj*' name=\"avia_4_1\" class=\"text_area is_empty\" cols=\"40\" rows=\"7\" id=\"avia_4_1\" ><\/textarea><\/p><p class=\"hidden\"><input type=\"text\" name=\"avia_5_1\" class=\"hidden \" id=\"avia_5_1\" value=\"\" \/><\/p><div id='avia_6_1' class='av-recaptcha-area  first_form  form_element form_fullwidth '  data-container_class=\"\" data-custom_class=\"\" data-context=\"av_contact_form\" data-token_input=\"av_recaptcha_token\" data-version=\"avia_recaptcha_v3\" data-theme=\"dark\" data-size=\"normal\" data-score=\"0.5\" data-text_to_preview=\"\" data-value=\"\"><div class=\"av-google-badge-message hidden\">This site is protected by reCAPTCHA and the Google <a href=\"https:\/\/policies.google.com\/privacy\">Privacy Policy<\/a> and <a href=\"https:\/\/policies.google.com\/terms\">Terms of Service<\/a> apply.<\/div><\/div><p class=\"form_element \"><input type=\"hidden\" value=\"1\" name=\"avia_generated_form1\" \/><input type=\"submit\" value=\"G\u00f6nder\" class=\"button\"  data-sending-label=\"G\u00f6nderiliyor\"\/><\/p><\/fieldset><div class=\"avia-disabled-form\">This contact form is deactivated because you refused to accept Google reCaptcha service which is necessary to validate any messages sent by the form.<\/div><\/form><div id=\"ajaxresponse_1\" class=\"ajaxresponse ajaxresponse_1 hidden\"><\/div><\/div>\n<style type=\"text\/css\" data-created_by=\"avia_inline_auto\" id=\"style-css-av-33z6-1589574a18c38946ab595137ea73e179\">\n#top .hr.hr-invisible.av-33z6-1589574a18c38946ab595137ea73e179{\nheight:50px;\n}\n<\/style>\n<div  class='hr av-33z6-1589574a18c38946ab595137ea73e179 hr-invisible  avia-builder-el-11  el_after_av_one_half  avia-builder-el-last '><span class='hr-inner '><span class=\"hr-inner-style\"><\/span><\/span><\/div>\n<\/div><\/div><\/main><!-- close content main element --><\/div><\/div><\/div><div id='av-layout-grid-1'  class='av-layout-grid-container av-43go-b2113fbddb2e65c7c29c634088ed8629 entry-content-wrapper main_color av-flex-cells  avia-builder-el-12  el_after_av_section  el_before_av_layout_row  grid-row-not-first  container_wrap fullsize'  >\n\n<style type=\"text\/css\" data-created_by=\"avia_inline_auto\" id=\"style-css-av-kylxpo96-e4a667e16d796d383ee2de8ce24623ae\">\n.flex_cell.av-kylxpo96-e4a667e16d796d383ee2de8ce24623ae{\nvertical-align:top;\nbackground-color:#383838;\n}\n.responsive #top #wrap_all .flex_cell.av-kylxpo96-e4a667e16d796d383ee2de8ce24623ae{\npadding:4px 4px 4px 4px !important;\n}\n<\/style>\n<div class='flex_cell av-kylxpo96-e4a667e16d796d383ee2de8ce24623ae av-gridrow-cell av_one_full no_margin  avia-builder-el-13  avia-builder-el-no-sibling  content-align-top'  ><div class='flex_cell_inner'><\/div><\/div>\n<\/div><\/p>\n<div id='av-layout-grid-2'  class='av-layout-grid-container av-6vsw-2363c1089a42b490c65a66286569ff18 entry-content-wrapper main_color av-flex-cells  avia-builder-el-14  el_after_av_layout_row  avia-builder-el-last  grid-row-not-first  container_wrap fullsize'  >\n\n<style type=\"text\/css\" data-created_by=\"avia_inline_auto\" id=\"style-css-av-68ty-e96fb2d06f7db53eadf40203254978a8\">\n.flex_cell.av-68ty-e96fb2d06f7db53eadf40203254978a8{\nvertical-align:top;\n}\n.responsive #top #wrap_all .flex_cell.av-68ty-e96fb2d06f7db53eadf40203254978a8{\npadding:0px 0px 0px 0px !important;\n}\n<\/style>\n<div class='flex_cell av-68ty-e96fb2d06f7db53eadf40203254978a8 av-gridrow-cell av_one_full no_margin  avia-builder-el-15  avia-builder-el-no-sibling  content-align-top av-zero-padding'  ><div class='flex_cell_inner'>\n<\/div><\/div>\n<\/div>\n","protected":false},"excerpt":{"rendered":"","protected":false},"author":1,"featured_media":56,"parent":0,"menu_order":0,"comment_status":"closed","ping_status":"closed","template":"","meta":{"footnotes":""},"class_list":["post-2","page","type-page","status-publish","has-post-thumbnail","hentry"],"aioseo_notices":[],"_links":{"self":[{"href":"https:\/\/devinno.com.tr\/en\/wp-json\/wp\/v2\/pages\/2","targetHints":{"allow":["GET"]}}],"collection":[{"href":"https:\/\/devinno.com.tr\/en\/wp-json\/wp\/v2\/pages"}],"about":[{"href":"https:\/\/devinno.com.tr\/en\/wp-json\/wp\/v2\/types\/page"}],"author":[{"embeddable":true,"href":"https:\/\/devinno.com.tr\/en\/wp-json\/wp\/v2\/users\/1"}],"replies":[{"embeddable":true,"href":"https:\/\/devinno.com.tr\/en\/wp-json\/wp\/v2\/comments?post=2"}],"version-history":[{"count":1,"href":"https:\/\/devinno.com.tr\/en\/wp-json\/wp\/v2\/pages\/2\/revisions"}],"predecessor-version":[{"id":1293,"href":"https:\/\/devinno.com.tr\/en\/wp-json\/wp\/v2\/pages\/2\/revisions\/1293"}],"wp:featuredmedia":[{"embeddable":true,"href":"https:\/\/devinno.com.tr\/en\/wp-json\/wp\/v2\/media\/56"}],"wp:attachment":[{"href":"https:\/\/devinno.com.tr\/en\/wp-json\/wp\/v2\/media?parent=2"}],"curies":[{"name":"wp","href":"https:\/\/api.w.org\/{rel}","templated":true}]}}