{"id":520,"date":"2015-02-22T20:09:33","date_gmt":"2015-02-22T20:09:33","guid":{"rendered":"http:\/\/wp\/enfold-medium-business\/?page_id=21"},"modified":"2025-12-23T18:45:45","modified_gmt":"2025-12-23T15:45:45","slug":"contact","status":"publish","type":"page","link":"https:\/\/devinno.com.tr\/en\/contact\/","title":{"rendered":"Contact"},"content":{"rendered":"\n<style type=\"text\/css\" data-created_by=\"avia_inline_auto\" id=\"style-css-av-1arz34-deb56a0d0d309cbda8b0ac8ce9f6db9f\">\n.avia-section.av-1arz34-deb56a0d0d309cbda8b0ac8ce9f6db9f .av-section-color-overlay{\nopacity:0.5;\nbackground-color:#24429e;\n}\n<\/style>\n<div id='av_section_1'  class='avia-section av-1arz34-deb56a0d0d309cbda8b0ac8ce9f6db9f main_color avia-section-huge avia-no-border-styling  avia-builder-el-0  el_before_av_section  avia-builder-el-first  avia-bg-style-scroll av-section-color-overlay-active av-minimum-height av-minimum-height-75 av-height-75  container_wrap fullsize'   data-av_minimum_height_pc='75' data-av_min_height_opt='75'><div class=\"av-section-color-overlay-wrap\"><div class=\"av-section-color-overlay\"><\/div><a href='#next-section' title='' class='scroll-down-link  avia-svg-icon avia-font-svg_entypo-fontello' data-av_svg_icon='down-open-mini' data-av_iconset='svg_entypo-fontello'><svg version=\"1.1\" xmlns=\"http:\/\/www.w3.org\/2000\/svg\" width=\"15\" height=\"32\" viewBox=\"0 0 15 32\" preserveAspectRatio=\"xMidYMid meet\" aria-labelledby='av-svg-title-1' aria-describedby='av-svg-desc-1' role=\"graphics-symbol\" aria-hidden=\"true\">\n<title id='av-svg-title-1'>Scroll to next section<\/title>\n<desc id='av-svg-desc-1'>Scroll to next section<\/desc>\n<path d=\"M12.96 12.16q0.704-0.832 1.536 0 0.832 0.704 0 1.536l-6.272 6.144q-0.704 0.704-1.536 0l-6.272-6.144q-0.832-0.832 0-1.536 0.768-0.768 1.6 0l5.44 4.992z\"><\/path>\n<\/svg><\/a><div class='container av-section-cont-open' ><main  role=\"main\" itemprop=\"mainContentOfPage\"  class='template-page content  av-content-full alpha units'><div class='post-entry post-entry-type-page post-entry-520'><div class='entry-content-wrapper clearfix'>\n<div  class='flex_column av-13kit4-461774dd0bfd5a6558935eb66922f192 av_one_fifth  avia-builder-el-1  el_before_av_three_fifth  avia-builder-el-first  first flex_column_div  '     ><\/div><div  class='flex_column av-xxwts-be4ceeb5b8c481a1ec0276845de693e7 av_three_fifth  avia-builder-el-2  el_after_av_one_fifth  el_before_av_one_fifth  flex_column_div  '     ><style type=\"text\/css\" data-created_by=\"avia_inline_auto\" id=\"style-css-av-m0bferb1-1d98fddf4af8cde3a4e0c3be07587dd4\">\n#top .av-special-heading.av-m0bferb1-1d98fddf4af8cde3a4e0c3be07587dd4{\npadding-bottom:10px;\ncolor:#ffffff;\n}\nbody .av-special-heading.av-m0bferb1-1d98fddf4af8cde3a4e0c3be07587dd4 .av-special-heading-tag .heading-char{\nfont-size:25px;\n}\n.av-special-heading.av-m0bferb1-1d98fddf4af8cde3a4e0c3be07587dd4 .special-heading-inner-border{\nborder-color:#ffffff;\n}\n.av-special-heading.av-m0bferb1-1d98fddf4af8cde3a4e0c3be07587dd4 .av-subheading{\nfont-size:15px;\n}\n<\/style>\n<div  class='av-special-heading av-m0bferb1-1d98fddf4af8cde3a4e0c3be07587dd4 av-special-heading-h3 custom-color-heading blockquote elegant-quote elegant-centered  avia-builder-el-3  avia-builder-el-no-sibling '><h3 class='av-special-heading-tag '  itemprop=\"headline\"  ><span class=\"heading-wrap\">GET IN TOUCH WITH US<\/span><\/h3><div class=\"special-heading-border\"><div class=\"special-heading-inner-border\"><\/div><\/div><\/div><\/div><div  class='flex_column av-pceuo-4e45e5e26dff910f1344bb945cad096a av_one_fifth  avia-builder-el-4  el_after_av_three_fifth  el_before_av_one_fifth  flex_column_div  '     ><\/div><div  class='flex_column av-7peo-ffad37e8681d42b75ded8d42a52a99ad av_one_fifth  avia-builder-el-5  el_after_av_one_fifth  el_before_av_three_fifth  first flex_column_div  column-top-margin'     ><\/div><div  class='flex_column av-d62rc-c44f13e48b08ec96aae73471fc9608cc av_three_fifth  avia-builder-el-6  el_after_av_one_fifth  el_before_av_one_fifth  flex_column_div  column-top-margin'     ><form action=\"https:\/\/devinno.com.tr\/en\/contact\/\" method=\"post\" data-fields-with-error=\"Found errors in the following field(s):\" class=\"avia_ajax_form av-form-labels-visible   avia-builder-el-7  avia-builder-el-no-sibling  av-centered-form  av-custom-form-color av-light-form \" data-avia-form-id=\"1\" data-avia-redirect='' ><fieldset><p class='  first_form  form_element form_fullwidth' id='element_avia_1_1'><label for=\"avia_1_1\">Name <abbr class=\"required\" title=\"Zorunlu\">*<\/abbr><\/label> <input name=\"avia_1_1\" class=\"text_input is_empty\" type=\"text\" id=\"avia_1_1\" value=\"\" \/><\/p><p class='  first_form  form_element form_fullwidth' id='element_avia_2_1'><label for=\"avia_2_1\">E-mail<\/label> <input name=\"avia_2_1\" class=\"text_input \" type=\"text\" id=\"avia_2_1\" value=\"\" \/><\/p><p class='  first_form  form_element form_fullwidth' id='element_avia_3_1'><label for=\"avia_3_1\">Subject <abbr class=\"required\" title=\"Zorunlu\">*<\/abbr><\/label> <input name=\"avia_3_1\" class=\"text_input is_empty\" type=\"text\" id=\"avia_3_1\" value=\"\" \/><\/p><p class='  first_form  form_element form_fullwidth av-last-visible-form-element' id='element_avia_4_1'><label for=\"avia_4_1\" class=\"textare_label hidden textare_label_avia_4_1\">Your message <abbr class=\"required\" title=\"Zorunlu\">*<\/abbr><\/label><textarea  name=\"avia_4_1\" class=\"text_area is_empty\" cols=\"40\" rows=\"7\" id=\"avia_4_1\" ><\/textarea><\/p><p class=\"hidden\"><input type=\"text\" name=\"avia_5_1\" class=\"hidden \" id=\"avia_5_1\" value=\"\" \/><\/p><p class=\"form_element \"><input type=\"hidden\" value=\"1\" name=\"avia_generated_form1\" \/><input type=\"submit\" value=\"Send\" class=\"button\"  data-sending-label=\"G\u00f6nderiliyor\"\/><\/p><\/fieldset><\/form><div id=\"ajaxresponse_1\" class=\"ajaxresponse ajaxresponse_1 hidden\"><\/div><\/div><div  class='flex_column av-7ykrc-43f16d811e0d9a0ac2d04d8ddade41b4 av_one_fifth  avia-builder-el-8  el_after_av_three_fifth  avia-builder-el-last  flex_column_div  column-top-margin'     ><\/div>\n\n<\/div><\/div><\/main><!-- close content main element --><\/div><\/div><\/div>\n<style type=\"text\/css\" data-created_by=\"avia_inline_auto\" id=\"style-css-av-1vbijk-c2fd08eb9eb1f1c693df61d703986dfe\">\n.avia-section.av-1vbijk-c2fd08eb9eb1f1c693df61d703986dfe{\nbackground-color:#ffffff;\nbackground-image:unset;\n}\n<\/style>\n<div id='av_section_2'  class='avia-section av-1vbijk-c2fd08eb9eb1f1c693df61d703986dfe main_color avia-section-default avia-no-border-styling  avia-builder-el-9  el_after_av_section  avia-builder-el-last  avia-bg-style-scroll container_wrap fullsize'  ><div class='container av-section-cont-open' ><div class='template-page content  av-content-full alpha units'><div class='post-entry post-entry-type-page post-entry-520'><div class='entry-content-wrapper clearfix'>\n<div  class='flex_column av-1p4gg8-b6e5d5055224177a1f0a5e2b70d6bbc6 av_one_fourth  avia-builder-el-10  el_before_av_one_half  avia-builder-el-first  first flex_column_div  '     ><style type=\"text\/css\" data-created_by=\"avia_inline_auto\" id=\"style-css-av-1napxs-2c159aa10112f7c39b35d5b2ca0fee34\">\n@keyframes av_sonarEffect_av-1napxs-2c159aa10112f7c39b35d5b2ca0fee34 {\n  0% {opacity: 0.3;}\n 40% {opacity: 0.5; box-shadow: 0 0 0 2px rgba(255,255,255,0.1), 0 0 10px 10px #ffffff, 0 0 0 10px rgba(255,255,255,0.5);}\n100% {opacity: 0; box-shadow: 0 0 0 2px rgba(255,255,255,0.1), 0 0 10px 10px #ffffff, 0 0 0 10px rgba(255,255,255,0.5); transform: scale(1.05);}\n}\n.av_font_icon.av-1napxs-2c159aa10112f7c39b35d5b2ca0fee34{\ncolor:#24429e;\nborder-color:#24429e;\n}\n.avia-svg-icon.av-1napxs-2c159aa10112f7c39b35d5b2ca0fee34 svg:first-child{\nstroke:#24429e;\nfill:#24429e;\n}\n.av_font_icon.av-1napxs-2c159aa10112f7c39b35d5b2ca0fee34 .av-icon-char{\nfont-size:24px;\nline-height:24px;\nwidth:24px;\n}\n.av_font_icon.av-1napxs-2c159aa10112f7c39b35d5b2ca0fee34.av-icon-style-border .av-icon-char:after{\nanimation:av_sonarEffect_av-1napxs-2c159aa10112f7c39b35d5b2ca0fee34 1s ease-in-out .1s infinite;\n}\n<\/style>\n<span  class='av_font_icon av-1napxs-2c159aa10112f7c39b35d5b2ca0fee34 avia_animate_when_visible av-icon-style-border avia-icon-pos-center avia-iconfont avia-font-entypo-fontello avia-icon-animate avia-sonar-shadow'><a href='https:\/\/maps.app.goo.gl\/RrGkgWC48NHzKhQ9A'  target=\"_blank\"  rel=\"noopener noreferrer\"  class='av-icon-char' data-av_icon='\ue841' data-av_iconfont='entypo-fontello' aria-hidden=\"false\" data-avia-icon-tooltip=\"&lt;br \/&gt;\nDIRECTIONS&lt;br \/&gt;\n\"><\/a><span class='av_icon_caption av-special-font'>DIRECTIONS<\/span><\/span><\/div><div  class='flex_column av-1ckie0-11ed269ad78f7c5a93a09cc29574e50c av_one_half  avia-builder-el-12  el_after_av_one_fourth  el_before_av_one_fourth  flex_column_div  '     ><style type=\"text\/css\" data-created_by=\"avia_inline_auto\" id=\"style-css-av-1b5evs-77156a33534bf5ffd4ea6951131abc0b\">\n#top .avia-icon-list-container.av-1b5evs-77156a33534bf5ffd4ea6951131abc0b .iconlist_icon{\ncolor:#24429e;\nfont-size:14px;\n}\n#top .avia-icon-list-container.av-1b5evs-77156a33534bf5ffd4ea6951131abc0b .iconlist_icon svg:first-child{\nstroke:#24429e;\nfill:#24429e;\nheight:14px;\nwidth:14px;\n}\n#top #wrap_all .avia-icon-list-container.av-1b5evs-77156a33534bf5ffd4ea6951131abc0b .av_iconlist_title{\nfont-size:14px;\ncolor:#6d6d6d;\n}\n.avia-icon-list-container.av-1b5evs-77156a33534bf5ffd4ea6951131abc0b .iconlist_content{\nfont-size:14px;\ncolor:#a0a0a0;\n}\n<\/style>\n<div  class='avia-icon-list-container av-1b5evs-77156a33534bf5ffd4ea6951131abc0b  avia-builder-el-13  avia-builder-el-no-sibling '><ul class='avia-icon-list avia_animate_when_almost_visible avia-icon-list-left av-iconlist-small av-1b5evs-77156a33534bf5ffd4ea6951131abc0b avia-iconlist-animate'>\n<li><div class='iconlist_icon av-12wkxc-398457274dc27965dc7015de51b0cc6a avia-font-entypo-fontello avia-iconfont avia-font-entypo-fontello'><span class='av-icon-char' data-av_icon='\ue805' data-av_iconfont='entypo-fontello' aria-hidden=\"true\"><\/span><\/div><article class=\"article-icon-entry av-iconlist-empty\"  itemscope=\"itemscope\" itemtype=\"https:\/\/schema.org\/CreativeWork\" ><div class=\"iconlist_content_wrap\"><header class=\"entry-content-header\" aria-label=\"Icon: contact@devinno.com.tr\"><div class='av_iconlist_title iconlist_title_small  av_inherit_color'  itemprop=\"headline\" >contact@devinno.com.tr<\/div><\/header><div class='iconlist_content av_inherit_color'  itemprop=\"text\" ><\/div><\/div><footer class=\"entry-footer\"><\/footer><\/article><div class=\"iconlist-timeline\"><\/div><\/li>\n<li><div class='iconlist_icon av-v5gbc-e0640a24268ee66f0bc0f033e777b113 avia-font-entypo-fontello avia-iconfont avia-font-entypo-fontello'><span class='av-icon-char' data-av_icon='\ue854' data-av_iconfont='entypo-fontello' aria-hidden=\"true\"><\/span><\/div><article class=\"article-icon-entry av-iconlist-empty\"  itemscope=\"itemscope\" itemtype=\"https:\/\/schema.org\/CreativeWork\" ><div class=\"iconlist_content_wrap\"><header class=\"entry-content-header\" aria-label=\"Icon: +90 (216) 706 2111\"><div class='av_iconlist_title iconlist_title_small  av_inherit_color'  itemprop=\"headline\" >+90 (216) 706 2111<\/div><\/header><div class='iconlist_content av_inherit_color'  itemprop=\"text\" ><\/div><\/div><footer class=\"entry-footer\"><\/footer><\/article><div class=\"iconlist-timeline\"><\/div><\/li>\n<li><div class='iconlist_icon av-qql6g-6f773381c9bd397dd5945a3add50dbcf avia-font-entypo-fontello avia-iconfont avia-font-entypo-fontello'><span class='av-icon-char' data-av_icon='\ue838' data-av_iconfont='entypo-fontello' aria-hidden=\"true\"><\/span><\/div><article class=\"article-icon-entry av-iconlist-empty\"  itemscope=\"itemscope\" itemtype=\"https:\/\/schema.org\/CreativeWork\" ><div class=\"iconlist_content_wrap\"><header class=\"entry-content-header\" aria-label=\"Icon: +90 (216) 706 2216\"><div class='av_iconlist_title iconlist_title_small  av_inherit_color'  itemprop=\"headline\" >+90 (216) 706 2216<\/div><\/header><div class='iconlist_content av_inherit_color'  itemprop=\"text\" ><\/div><\/div><footer class=\"entry-footer\"><\/footer><\/article><div class=\"iconlist-timeline\"><\/div><\/li>\n<li><div class='iconlist_icon av-l7xy0-14212fc7ea172cd9d53686d21542df34 avia-font-entypo-fontello avia-iconfont avia-font-entypo-fontello'><span class='av-icon-char' data-av_icon='\ue821' data-av_iconfont='entypo-fontello' aria-hidden=\"true\"><\/span><\/div><article class=\"article-icon-entry \"  itemscope=\"itemscope\" itemtype=\"https:\/\/schema.org\/CreativeWork\" ><div class=\"iconlist_content_wrap\"><header class=\"entry-content-header\" aria-label=\"Icon: Devinno Teknoloji Yat\u0131r\u0131mlar\u0131 A.\u015e\"><div class='av_iconlist_title iconlist_title_small  av_inherit_color'  itemprop=\"headline\" >Devinno Teknoloji Yat\u0131r\u0131mlar\u0131 A.\u015e<\/div><\/header><div class='iconlist_content av_inherit_color'  itemprop=\"text\" ><p style=\"text-align: left;\">Sanayi Mahallesi, Teknopark Bulvar\u0131 No:1\/3A \u0130\u00e7 Kap\u0131 No:Z07, 34906 Pendik\/\u0130stanbul<\/p>\n<\/div><\/div><footer class=\"entry-footer\"><\/footer><\/article><div class=\"iconlist-timeline\"><\/div><\/li>\n<\/ul><\/div><\/div><div  class='flex_column av-1de6g-7916d6b76ec52ead8f9f103bbc44df84 av_one_fourth  avia-builder-el-14  el_after_av_one_half  avia-builder-el-last  flex_column_div  '     ><div  class='av-social-sharing-box av-a1xq0-97161d601266e90ebd7a5e4ebe1861b4 av-social-sharing-box-circle  avia-builder-el-15  avia-builder-el-no-sibling  av-social-sharing-box-color-bg av-social-sharing-box-same-width av-social-sharing-center'><div class=\"av-share-box\"><ul class=\"av-share-box-list noLightbox\"><li class='av-share-link av-social-link-linkedin avia_social_iconfont' ><a target=\"_blank\" aria-label=\"Link to LinkedIn\" href='https:\/\/www.linkedin.com\/company\/devinnotechnology\/' data-av_icon='\ue8fc' data-av_iconfont='entypo-fontello'  title='' data-avia-related-tooltip='Link to LinkedIn'><span class='avia_hidden_link_text'>Link to LinkedIn<\/span><\/a><\/li><\/ul><\/div><\/div><\/div>\n","protected":false},"excerpt":{"rendered":"","protected":false},"author":1,"featured_media":0,"parent":0,"menu_order":0,"comment_status":"closed","ping_status":"closed","template":"","meta":{"footnotes":""},"class_list":["post-520","page","type-page","status-publish","hentry"],"aioseo_notices":[],"_links":{"self":[{"href":"https:\/\/devinno.com.tr\/en\/wp-json\/wp\/v2\/pages\/520","targetHints":{"allow":["GET"]}}],"collection":[{"href":"https:\/\/devinno.com.tr\/en\/wp-json\/wp\/v2\/pages"}],"about":[{"href":"https:\/\/devinno.com.tr\/en\/wp-json\/wp\/v2\/types\/page"}],"author":[{"embeddable":true,"href":"https:\/\/devinno.com.tr\/en\/wp-json\/wp\/v2\/users\/1"}],"replies":[{"embeddable":true,"href":"https:\/\/devinno.com.tr\/en\/wp-json\/wp\/v2\/comments?post=520"}],"version-history":[{"count":48,"href":"https:\/\/devinno.com.tr\/en\/wp-json\/wp\/v2\/pages\/520\/revisions"}],"predecessor-version":[{"id":1489,"href":"https:\/\/devinno.com.tr\/en\/wp-json\/wp\/v2\/pages\/520\/revisions\/1489"}],"wp:attachment":[{"href":"https:\/\/devinno.com.tr\/en\/wp-json\/wp\/v2\/media?parent=520"}],"curies":[{"name":"wp","href":"https:\/\/api.w.org\/{rel}","templated":true}]}}